{"id":2633,"date":"2024-03-21T08:29:06","date_gmt":"2024-03-21T08:29:06","guid":{"rendered":"https:\/\/amberworldlt.com\/?post_type=product&#038;p=2633"},"modified":"2024-03-21T08:31:08","modified_gmt":"2024-03-21T08:31:08","slug":"facetuoti-naturalaus-gintaro-karoliai-2","status":"publish","type":"product","link":"https:\/\/amberworldlt.com\/en\/product\/facetuoti-naturalaus-gintaro-karoliai-2\/","title":{"rendered":"Natural faceted amber necklace"},"content":{"rendered":"<p>Beautiful classic natural Baltic amber necklace of faceted 5mm diameter beads which have a cognac shade at the end and transparent yellow in the center. The diamond cut of the amber gives the necklace a gorgeous and luxurous look.<\/p>\n<p>Please note that the amber item you ordered may differ slightly from the one in the photo (e.g. shade, texture), because each piece of amber is unique and exclusive.<\/p>","protected":false},"excerpt":{"rendered":"<p>Eleganti\u0161ka klasika &#8211; facetuoto nat\u016bralaus Baltijos gintaro v\u0117rinys &#8211; &#8222;kaklarai\u0161tis&#8221;. Deimantinio \u0161lifavimo 5mm karoliukai i\u0161 kra\u0161t\u0173 konjako spalvos, ties centru \u012fgauna gelsv\u0105 atspalv\u012f. Atkreipiame d\u0117mes\u012f, kad J\u016bs\u0173 u\u017esakytas gintaro dirbinys gali minimaliai skirtis nuo esan\u010dio nuotraukoje (pvz. atspalviu, tekst\u016bra), nes kiekvienas gintaro gabaliukas yra unikalus ir i\u0161skirtinis.<\/p>","protected":false},"featured_media":2634,"template":"","meta":{"_acf_changed":false,"site-sidebar-layout":"default","site-content-layout":"default","ast-site-content-layout":"","site-content-style":"default","site-sidebar-style":"default","ast-global-header-display":"","ast-banner-title-visibility":"","ast-main-header-display":"","ast-hfb-above-header-display":"","ast-hfb-below-header-display":"","ast-hfb-mobile-header-display":"","site-post-title":"","ast-breadcrumbs-content":"","ast-featured-img":"","footer-sml-layout":"","theme-transparent-header-meta":"default","adv-header-id-meta":"","stick-header-meta":"","header-above-stick-meta":"","header-main-stick-meta":"","header-below-stick-meta":"","astra-migrate-meta-layouts":"default","ast-page-background-enabled":"default","ast-page-background-meta":{"desktop":{"background-color":"var(--ast-global-color-4)","background-image":"","background-repeat":"repeat","background-position":"center center","background-size":"auto","background-attachment":"scroll","background-type":"","background-media":"","overlay-type":"","overlay-color":"","overlay-opacity":"","overlay-gradient":""},"tablet":{"background-color":"","background-image":"","background-repeat":"repeat","background-position":"center center","background-size":"auto","background-attachment":"scroll","background-type":"","background-media":"","overlay-type":"","overlay-color":"","overlay-opacity":"","overlay-gradient":""},"mobile":{"background-color":"","background-image":"","background-repeat":"repeat","background-position":"center center","background-size":"auto","background-attachment":"scroll","background-type":"","background-media":"","overlay-type":"","overlay-color":"","overlay-opacity":"","overlay-gradient":""}},"ast-content-background-meta":{"desktop":{"background-color":"var(--ast-global-color-5)","background-image":"","background-repeat":"repeat","background-position":"center center","background-size":"auto","background-attachment":"scroll","background-type":"","background-media":"","overlay-type":"","overlay-color":"","overlay-opacity":"","overlay-gradient":""},"tablet":{"background-color":"var(--ast-global-color-5)","background-image":"","background-repeat":"repeat","background-position":"center center","background-size":"auto","background-attachment":"scroll","background-type":"","background-media":"","overlay-type":"","overlay-color":"","overlay-opacity":"","overlay-gradient":""},"mobile":{"background-color":"var(--ast-global-color-5)","background-image":"","background-repeat":"repeat","background-position":"center center","background-size":"auto","background-attachment":"scroll","background-type":"","background-media":"","overlay-type":"","overlay-color":"","overlay-opacity":"","overlay-gradient":""}}},"product_brand":[],"product_cat":[59,67],"product_tag":[],"class_list":{"0":"post-2633","1":"product","2":"type-product","3":"status-publish","4":"has-post-thumbnail","6":"product_cat-juvelyrika","7":"product_cat-karoliai","8":"desktop-align-left","9":"tablet-align-left","10":"mobile-align-left","12":"first","13":"instock","14":"featured","15":"taxable","16":"shipping-taxable","17":"purchasable","18":"product-type-simple"},"acf":[],"aioseo_notices":[],"_links":{"self":[{"href":"https:\/\/amberworldlt.com\/en\/wp-json\/wp\/v2\/product\/2633","targetHints":{"allow":["GET"]}}],"collection":[{"href":"https:\/\/amberworldlt.com\/en\/wp-json\/wp\/v2\/product"}],"about":[{"href":"https:\/\/amberworldlt.com\/en\/wp-json\/wp\/v2\/types\/product"}],"wp:featuredmedia":[{"embeddable":true,"href":"https:\/\/amberworldlt.com\/en\/wp-json\/wp\/v2\/media\/2634"}],"wp:attachment":[{"href":"https:\/\/amberworldlt.com\/en\/wp-json\/wp\/v2\/media?parent=2633"}],"wp:term":[{"taxonomy":"product_brand","embeddable":true,"href":"https:\/\/amberworldlt.com\/en\/wp-json\/wp\/v2\/product_brand?post=2633"},{"taxonomy":"product_cat","embeddable":true,"href":"https:\/\/amberworldlt.com\/en\/wp-json\/wp\/v2\/product_cat?post=2633"},{"taxonomy":"product_tag","embeddable":true,"href":"https:\/\/amberworldlt.com\/en\/wp-json\/wp\/v2\/product_tag?post=2633"}],"curies":[{"name":"wp","href":"https:\/\/api.w.org\/{rel}","templated":true}]}}