{"id":3003,"date":"2024-04-04T13:13:25","date_gmt":"2024-04-04T13:13:25","guid":{"rendered":"https:\/\/amberworldlt.com\/?post_type=product&#038;p=3003"},"modified":"2026-03-27T13:43:48","modified_gmt":"2026-03-27T13:43:48","slug":"medinis-knygos-skirtukas-su-gintaru","status":"publish","type":"product","link":"https:\/\/amberworldlt.com\/en\/product\/medinis-knygos-skirtukas-su-gintaru\/","title":{"rendered":"Wooden bookmark with amber"},"content":{"rendered":"<p>Wooden bookmark, decorated with lithuanian ethnic motives and contour of Lithuania filled with natural amber pieces.<\/p>\n<p>Please note that the amber item you ordered may differ slightly from the one in the photo (e.g. shade, texture), because each piece of amber is unique and exclusive.<\/p>","protected":false},"excerpt":{"rendered":"<p>Medinis knygos skirtukas, dekoruotas lietuvi\u0161kais etno motyvais ir Lietuvos kont\u016bru, pripildytu nat\u016bralaus gintaro gabaliukais. Atkreipiame d\u0117mes\u012f, kad J\u016bs\u0173 u\u017esakytas gintaro dirbinys gali minimaliai skirtis nuo esan\u010dio nuotraukoje (pvz. atspalviu, tekst\u016bra), nes kiekvienas gintaro gabaliukas yra unikalus ir i\u0161skirtinis.<\/p>","protected":false},"featured_media":3006,"template":"","meta":{"_acf_changed":false,"site-sidebar-layout":"default","site-content-layout":"default","ast-site-content-layout":"default","site-content-style":"default","site-sidebar-style":"default","ast-global-header-display":"","ast-banner-title-visibility":"","ast-main-header-display":"","ast-hfb-above-header-display":"","ast-hfb-below-header-display":"","ast-hfb-mobile-header-display":"","site-post-title":"","ast-breadcrumbs-content":"","ast-featured-img":"","footer-sml-layout":"","theme-transparent-header-meta":"default","adv-header-id-meta":"","stick-header-meta":"","header-above-stick-meta":"","header-main-stick-meta":"","header-below-stick-meta":"","astra-migrate-meta-layouts":"set","ast-page-background-enabled":"default","ast-page-background-meta":{"desktop":{"background-color":"var(--ast-global-color-4)","background-image":"","background-repeat":"repeat","background-position":"center center","background-size":"auto","background-attachment":"scroll","background-type":"","background-media":"","overlay-type":"","overlay-color":"","overlay-opacity":"","overlay-gradient":""},"tablet":{"background-color":"","background-image":"","background-repeat":"repeat","background-position":"center center","background-size":"auto","background-attachment":"scroll","background-type":"","background-media":"","overlay-type":"","overlay-color":"","overlay-opacity":"","overlay-gradient":""},"mobile":{"background-color":"","background-image":"","background-repeat":"repeat","background-position":"center center","background-size":"auto","background-attachment":"scroll","background-type":"","background-media":"","overlay-type":"","overlay-color":"","overlay-opacity":"","overlay-gradient":""}},"ast-content-background-meta":{"desktop":{"background-color":"var(--ast-global-color-5)","background-image":"","background-repeat":"repeat","background-position":"center center","background-size":"auto","background-attachment":"scroll","background-type":"","background-media":"","overlay-type":"","overlay-color":"","overlay-opacity":"","overlay-gradient":""},"tablet":{"background-color":"var(--ast-global-color-5)","background-image":"","background-repeat":"repeat","background-position":"center center","background-size":"auto","background-attachment":"scroll","background-type":"","background-media":"","overlay-type":"","overlay-color":"","overlay-opacity":"","overlay-gradient":""},"mobile":{"background-color":"var(--ast-global-color-5)","background-image":"","background-repeat":"repeat","background-position":"center center","background-size":"auto","background-attachment":"scroll","background-type":"","background-media":"","overlay-type":"","overlay-color":"","overlay-opacity":"","overlay-gradient":""}}},"product_brand":[],"product_cat":[252,63,196],"product_tag":[],"class_list":{"0":"post-3003","1":"product","2":"type-product","3":"status-publish","4":"has-post-thumbnail","6":"product_cat-ivairus-suvenyrai","7":"product_cat-suvenyrai","8":"product_cat-verslo-dovanos","9":"desktop-align-left","10":"tablet-align-left","11":"mobile-align-left","13":"first","14":"instock","15":"featured","16":"taxable","17":"shipping-taxable","18":"purchasable","19":"product-type-simple"},"acf":[],"aioseo_notices":[],"_links":{"self":[{"href":"https:\/\/amberworldlt.com\/en\/wp-json\/wp\/v2\/product\/3003","targetHints":{"allow":["GET"]}}],"collection":[{"href":"https:\/\/amberworldlt.com\/en\/wp-json\/wp\/v2\/product"}],"about":[{"href":"https:\/\/amberworldlt.com\/en\/wp-json\/wp\/v2\/types\/product"}],"wp:featuredmedia":[{"embeddable":true,"href":"https:\/\/amberworldlt.com\/en\/wp-json\/wp\/v2\/media\/3006"}],"wp:attachment":[{"href":"https:\/\/amberworldlt.com\/en\/wp-json\/wp\/v2\/media?parent=3003"}],"wp:term":[{"taxonomy":"product_brand","embeddable":true,"href":"https:\/\/amberworldlt.com\/en\/wp-json\/wp\/v2\/product_brand?post=3003"},{"taxonomy":"product_cat","embeddable":true,"href":"https:\/\/amberworldlt.com\/en\/wp-json\/wp\/v2\/product_cat?post=3003"},{"taxonomy":"product_tag","embeddable":true,"href":"https:\/\/amberworldlt.com\/en\/wp-json\/wp\/v2\/product_tag?post=3003"}],"curies":[{"name":"wp","href":"https:\/\/api.w.org\/{rel}","templated":true}]}}