{"id":4917,"date":"2024-12-13T12:33:12","date_gmt":"2024-12-13T12:33:12","guid":{"rendered":"https:\/\/amberworldlt.com\/?post_type=product&#038;p=4917"},"modified":"2025-06-03T08:06:29","modified_gmt":"2025-06-03T08:06:29","slug":"sasagu-su-naturaliu-gintaru-ir-fantazijos-komplektas-20","status":"publish","type":"product","link":"https:\/\/amberworldlt.com\/en\/product\/sasagu-su-naturaliu-gintaru-ir-fantazijos-komplektas-20\/","title":{"rendered":"NATURAL AMBER CUFFLINK AND FANTASY  SET"},"content":{"rendered":"<p>Cufflinks with Baltic amber are an elegant accessory that combines practicality with a unique style. A handkerchief, also known as a \u201cfantasy\u201d, is another subtle detail of the image. These two accessories complement each other creating a unique image.<\/p>\n<p>Fantasy and cufflinks with amber are a combination that radiates elegance. It can be a great gift or a personal style statement.<\/p>\n<p>Fantasy dimensions \u2013 22*22cm.<\/p>\n<p>Please note that the amber item you ordered may differ slightly from the one in the photo (e.g. shade, texture), because each piece of amber is unique and exclusive.<\/p>","protected":false},"excerpt":{"rendered":"<p>S\u0105sagos su Baltijos gintaru \u2013 eleganti\u0161kas aksesuaras, kuris sujungia prakti\u0161kum\u0105 su i\u0161skirtiniu stiliumi. Nosinait\u0117, kitaip vadinama \u201efantazija\u201c, yra dar viena subtili \u012fvaizd\u017eio detal\u0117.\u00a0 \u0160ie du aksesuarai papildo vienas kit\u0105 sukurdami unikal\u0173 \u012fvaizd\u012f. Fantazija ir s\u0105sagos su gintaru \u2013 derinys, kuris spinduliuoja elegancija. Tai gali b\u016bti puiki dovana arba asmeninis stiliaus parei\u0161kimas. Fantazijos i\u0161matavimai &#8211; 22*22cm. [&hellip;]<\/p>","protected":false},"featured_media":4874,"template":"","meta":{"_acf_changed":false,"site-sidebar-layout":"default","site-content-layout":"default","ast-site-content-layout":"default","site-content-style":"default","site-sidebar-style":"default","ast-global-header-display":"","ast-banner-title-visibility":"","ast-main-header-display":"","ast-hfb-above-header-display":"","ast-hfb-below-header-display":"","ast-hfb-mobile-header-display":"","site-post-title":"","ast-breadcrumbs-content":"","ast-featured-img":"","footer-sml-layout":"","theme-transparent-header-meta":"default","adv-header-id-meta":"","stick-header-meta":"","header-above-stick-meta":"","header-main-stick-meta":"","header-below-stick-meta":"","astra-migrate-meta-layouts":"set","ast-page-background-enabled":"default","ast-page-background-meta":{"desktop":{"background-color":"var(--ast-global-color-4)","background-image":"","background-repeat":"repeat","background-position":"center center","background-size":"auto","background-attachment":"scroll","background-type":"","background-media":"","overlay-type":"","overlay-color":"","overlay-opacity":"","overlay-gradient":""},"tablet":{"background-color":"","background-image":"","background-repeat":"repeat","background-position":"center center","background-size":"auto","background-attachment":"scroll","background-type":"","background-media":"","overlay-type":"","overlay-color":"","overlay-opacity":"","overlay-gradient":""},"mobile":{"background-color":"","background-image":"","background-repeat":"repeat","background-position":"center center","background-size":"auto","background-attachment":"scroll","background-type":"","background-media":"","overlay-type":"","overlay-color":"","overlay-opacity":"","overlay-gradient":""}},"ast-content-background-meta":{"desktop":{"background-color":"var(--ast-global-color-5)","background-image":"","background-repeat":"repeat","background-position":"center center","background-size":"auto","background-attachment":"scroll","background-type":"","background-media":"","overlay-type":"","overlay-color":"","overlay-opacity":"","overlay-gradient":""},"tablet":{"background-color":"var(--ast-global-color-5)","background-image":"","background-repeat":"repeat","background-position":"center center","background-size":"auto","background-attachment":"scroll","background-type":"","background-media":"","overlay-type":"","overlay-color":"","overlay-opacity":"","overlay-gradient":""},"mobile":{"background-color":"var(--ast-global-color-5)","background-image":"","background-repeat":"repeat","background-position":"center center","background-size":"auto","background-attachment":"scroll","background-type":"","background-media":"","overlay-type":"","overlay-color":"","overlay-opacity":"","overlay-gradient":""}}},"product_brand":[],"product_cat":[59,94,60,205],"product_tag":[],"class_list":{"0":"post-4917","1":"product","2":"type-product","3":"status-publish","4":"has-post-thumbnail","6":"product_cat-juvelyrika","7":"product_cat-aksesuarai-gintaras","8":"product_cat-vyrams","9":"product_cat-sasagos","10":"desktop-align-left","11":"tablet-align-left","12":"mobile-align-left","14":"first","15":"outofstock","16":"featured","17":"taxable","18":"shipping-taxable","19":"purchasable","20":"product-type-simple"},"acf":[],"aioseo_notices":[],"_links":{"self":[{"href":"https:\/\/amberworldlt.com\/en\/wp-json\/wp\/v2\/product\/4917","targetHints":{"allow":["GET"]}}],"collection":[{"href":"https:\/\/amberworldlt.com\/en\/wp-json\/wp\/v2\/product"}],"about":[{"href":"https:\/\/amberworldlt.com\/en\/wp-json\/wp\/v2\/types\/product"}],"wp:featuredmedia":[{"embeddable":true,"href":"https:\/\/amberworldlt.com\/en\/wp-json\/wp\/v2\/media\/4874"}],"wp:attachment":[{"href":"https:\/\/amberworldlt.com\/en\/wp-json\/wp\/v2\/media?parent=4917"}],"wp:term":[{"taxonomy":"product_brand","embeddable":true,"href":"https:\/\/amberworldlt.com\/en\/wp-json\/wp\/v2\/product_brand?post=4917"},{"taxonomy":"product_cat","embeddable":true,"href":"https:\/\/amberworldlt.com\/en\/wp-json\/wp\/v2\/product_cat?post=4917"},{"taxonomy":"product_tag","embeddable":true,"href":"https:\/\/amberworldlt.com\/en\/wp-json\/wp\/v2\/product_tag?post=4917"}],"curies":[{"name":"wp","href":"https:\/\/api.w.org\/{rel}","templated":true}]}}