{"id":1066,"date":"2023-01-31T22:04:10","date_gmt":"2023-01-31T22:04:10","guid":{"rendered":"https:\/\/amberworldlt.com\/?page_id=1066"},"modified":"2023-01-31T22:07:56","modified_gmt":"2023-01-31T22:07:56","slug":"priemone-kurybiniai-cekiai-covid-19","status":"publish","type":"page","link":"https:\/\/amberworldlt.com\/lt\/priemone-kurybiniai-cekiai-covid-19\/","title":{"rendered":"PRIEMON\u0116 K\u016aRYBINIAI \u010cEKIAI COVID-19"},"content":{"rendered":"<p>Pradedamas \u012fgyvendinti projektas \u201eUAB \u201eGintaro pasaulis\u201c konkurencingumo didinimas kuriant inovatyvius produkt\u0173 dizainus ir organizuojant j\u0173 rinkodarin\u0119 kampanij\u0105\u201c.<\/p>\n<p><img decoding=\"async\" class=\"alignleft wp-image-1068 size-medium\" src=\"https:\/\/amberworldlt.com\/wp-content\/uploads\/2023\/01\/Kurybiniai_cekiai-300x150.jpg\" alt=\"\" width=\"300\" height=\"150\" srcset=\"https:\/\/amberworldlt.com\/wp-content\/uploads\/2023\/01\/Kurybiniai_cekiai-300x150.jpg 300w, https:\/\/amberworldlt.com\/wp-content\/uploads\/2023\/01\/Kurybiniai_cekiai-600x300.jpg 600w, https:\/\/amberworldlt.com\/wp-content\/uploads\/2023\/01\/Kurybiniai_cekiai-18x9.jpg 18w, https:\/\/amberworldlt.com\/wp-content\/uploads\/2023\/01\/Kurybiniai_cekiai.jpg 684w\" sizes=\"(max-width: 300px) 100vw, 300px\" \/><\/p>\n<p>2021 m. gruod\u017eio 23 d. LR ekonomikos ir inovacij\u0173 ministro \u012fsakymu Nr. 4-1398 UAB \u201eGintaro pasaulis\u201c projektui \u201eUAB \u201eGintaro pasaulis\u201c konkurencingumo didinimas kuriant inovatyvius produkt\u0173 dizainus ir organizuojant j\u0173 rinkodarin\u0119 kampanij\u0105\u201c skirtas 50 249,65 Eur finansavimas pagal priemon\u0119 \u201eK\u016brybiniai \u010dekiai COVID-19\u201c. UAB \u201eGintaro pasaulis\u201c si\u016blo didel\u012f gintaro juvelyrikos, suvenyr\u0173, verslo dovan\u0173, pagamint\u0173 i\u0161 nat\u016bralaus Baltijos gintaro, pasirinkim\u0105. I\u0161skirtin\u0117 \u012fmon\u0117s veiklos kryptis \u2013 gintaro inkliuzai.<\/p>\n<p>\u012emon\u0117 bendradarbiauja tiek su Lietuvos, tiek ir su u\u017esienio \u0161ali\u0173 mokslininkais, yra tarptautin\u0117s Gintaro asociacijos, kuruojamos Vokietijos Hamburgo Geologijos ir Paleontologijos Instituto mokslinink\u0173, nare. Projekto tikslas \u2013 k\u016brybini\u0173 ir kult\u016brini\u0173 industrij\u0173 sektoriuje veikian\u010di\u0173 subjekt\u0173 teikiam\u0173 inovatyvi\u0173 paslaug\u0173 naudojimas kuriant bei diegiant dizaino ir rinkodaros inovacijas.<\/p>\n<p>Reaguodama \u012f i\u0161kilusius vartotoj\u0173 poreikius, UAB \u201eGintaro pasaulis\u201c planuoja pl\u0117sti savo teikiam\u0173 produkt\u0173 asortiment\u0105, \u012fvedant \u012f prekyb\u0105 \u017eenkliai besiskirian\u010dius nuo \u012fmon\u0117s rinkai teikt\u0173 produkt\u0173 gaminius. \u012egyvendinus projekt\u0105, tikimasi pritraukti nauj\u0173 vartotoj\u0173, kas leis padidinti \u012fmon\u0117s pardavimus ir pelningum\u0105. Projekto metu taip pat numatomas inovatyvaus reklamos turinio suk\u016brimas, skirtas produkt\u0173 su nauju dizainu reklamai.<\/p>\n<p>Projekt\u0105 numatoma \u012fgyvendinti iki 2023 m. sausio 31 d. Projektas Nr. 13.1.1-LVPA-K-861-01-0297 \u201eUAB \u201eGintaro pasaulis\u201c konkurencingumo didinimas kuriant inovatyvius produkt\u0173 dizainus ir organizuojant j\u0173 rinkodarin\u0119 kampanij\u0105\u201c finansuojamas i\u0161 Europos regionin\u0117s pl\u0117tros fondo, kaip Europos S\u0105jungos atsako \u012f COVID-19 pandemij\u0105 priemon\u0117.<\/p>\n","protected":false},"excerpt":{"rendered":"<p>Pradedamas \u012fgyvendinti projektas \u201eUAB \u201eGintaro pasaulis\u201c konkurencingumo didinimas kuriant inovatyvius produkt\u0173 dizainus ir organizuojant j\u0173 rinkodarin\u0119 kampanij\u0105\u201c. 2021 m. gruod\u017eio 23 d. LR ekonomikos ir inovacij\u0173 ministro \u012fsakymu Nr. 4-1398 UAB \u201eGintaro pasaulis\u201c projektui \u201eUAB \u201eGintaro pasaulis\u201c konkurencingumo didinimas kuriant inovatyvius produkt\u0173 dizainus ir organizuojant j\u0173 rinkodarin\u0119 kampanij\u0105\u201c skirtas 50 249,65 Eur finansavimas pagal priemon\u0119 [&hellip;]<\/p>\n","protected":false},"author":3,"featured_media":0,"parent":0,"menu_order":0,"comment_status":"closed","ping_status":"closed","template":"","meta":{"_acf_changed":false,"site-sidebar-layout":"default","site-content-layout":"","ast-site-content-layout":"","site-content-style":"default","site-sidebar-style":"default","ast-global-header-display":"","ast-banner-title-visibility":"","ast-main-header-display":"","ast-hfb-above-header-display":"","ast-hfb-below-header-display":"","ast-hfb-mobile-header-display":"","site-post-title":"","ast-breadcrumbs-content":"","ast-featured-img":"","footer-sml-layout":"","theme-transparent-header-meta":"","adv-header-id-meta":"","stick-header-meta":"","header-above-stick-meta":"","header-main-stick-meta":"","header-below-stick-meta":"","astra-migrate-meta-layouts":"default","ast-page-background-enabled":"default","ast-page-background-meta":{"desktop":{"background-color":"var(--ast-global-color-4)","background-image":"","background-repeat":"repeat","background-position":"center center","background-size":"auto","background-attachment":"scroll","background-type":"","background-media":"","overlay-type":"","overlay-color":"","overlay-opacity":"","overlay-gradient":""},"tablet":{"background-color":"","background-image":"","background-repeat":"repeat","background-position":"center center","background-size":"auto","background-attachment":"scroll","background-type":"","background-media":"","overlay-type":"","overlay-color":"","overlay-opacity":"","overlay-gradient":""},"mobile":{"background-color":"","background-image":"","background-repeat":"repeat","background-position":"center center","background-size":"auto","background-attachment":"scroll","background-type":"","background-media":"","overlay-type":"","overlay-color":"","overlay-opacity":"","overlay-gradient":""}},"ast-content-background-meta":{"desktop":{"background-color":"var(--ast-global-color-5)","background-image":"","background-repeat":"repeat","background-position":"center center","background-size":"auto","background-attachment":"scroll","background-type":"","background-media":"","overlay-type":"","overlay-color":"","overlay-opacity":"","overlay-gradient":""},"tablet":{"background-color":"var(--ast-global-color-5)","background-image":"","background-repeat":"repeat","background-position":"center center","background-size":"auto","background-attachment":"scroll","background-type":"","background-media":"","overlay-type":"","overlay-color":"","overlay-opacity":"","overlay-gradient":""},"mobile":{"background-color":"var(--ast-global-color-5)","background-image":"","background-repeat":"repeat","background-position":"center center","background-size":"auto","background-attachment":"scroll","background-type":"","background-media":"","overlay-type":"","overlay-color":"","overlay-opacity":"","overlay-gradient":""}},"footnotes":""},"class_list":["post-1066","page","type-page","status-publish","hentry"],"acf":[],"aioseo_notices":[],"_links":{"self":[{"href":"https:\/\/amberworldlt.com\/lt\/wp-json\/wp\/v2\/pages\/1066","targetHints":{"allow":["GET"]}}],"collection":[{"href":"https:\/\/amberworldlt.com\/lt\/wp-json\/wp\/v2\/pages"}],"about":[{"href":"https:\/\/amberworldlt.com\/lt\/wp-json\/wp\/v2\/types\/page"}],"author":[{"embeddable":true,"href":"https:\/\/amberworldlt.com\/lt\/wp-json\/wp\/v2\/users\/3"}],"replies":[{"embeddable":true,"href":"https:\/\/amberworldlt.com\/lt\/wp-json\/wp\/v2\/comments?post=1066"}],"version-history":[{"count":3,"href":"https:\/\/amberworldlt.com\/lt\/wp-json\/wp\/v2\/pages\/1066\/revisions"}],"predecessor-version":[{"id":1072,"href":"https:\/\/amberworldlt.com\/lt\/wp-json\/wp\/v2\/pages\/1066\/revisions\/1072"}],"wp:attachment":[{"href":"https:\/\/amberworldlt.com\/lt\/wp-json\/wp\/v2\/media?parent=1066"}],"curies":[{"name":"wp","href":"https:\/\/api.w.org\/{rel}","templated":true}]}}