{"id":1073,"date":"2023-01-31T22:16:14","date_gmt":"2023-01-31T22:16:14","guid":{"rendered":"https:\/\/amberworldlt.com\/?page_id=1073"},"modified":"2023-02-01T08:48:35","modified_gmt":"2023-02-01T08:48:35","slug":"e-komercijos-modelis-covid-19","status":"publish","type":"page","link":"https:\/\/amberworldlt.com\/lt\/e-komercijos-modelis-covid-19\/","title":{"rendered":"E. KOMERCIJOS MODELIS COVID-19"},"content":{"rendered":"<p>UAB \u201eGintaro pasaulis\u201c \u012fgyvendina ES strukt\u016brin\u0117mis l\u0117\u0161omis finansuojam\u0105 projekt\u0105 Nr. 13.1.1-LVPA-K-860-01-0769 \u201eE. komercijos modelio diegimas UAB \u201eGintaro pasaulis\u201c. Bendra projekto vert\u0117 \u2013&nbsp;<strong>59&nbsp;930,00 Eur<\/strong>, i\u0161 kuri\u0173&nbsp;<strong>44&nbsp;947,50 Eur<\/strong>&nbsp;sudaro Europos regionin\u0117s pl\u0117tros fondo l\u0117\u0161os.<\/p><p><img decoding=\"async\" class=\"alignleft wp-image-1068 size-medium\" src=\"https:\/\/amberworldlt.com\/wp-content\/uploads\/2023\/01\/Kurybiniai_cekiai-300x150.jpg\" alt=\"\" width=\"300\" height=\"150\" srcset=\"https:\/\/amberworldlt.com\/wp-content\/uploads\/2023\/01\/Kurybiniai_cekiai-300x150.jpg 300w, https:\/\/amberworldlt.com\/wp-content\/uploads\/2023\/01\/Kurybiniai_cekiai-600x300.jpg 600w, https:\/\/amberworldlt.com\/wp-content\/uploads\/2023\/01\/Kurybiniai_cekiai-18x9.jpg 18w, https:\/\/amberworldlt.com\/wp-content\/uploads\/2023\/01\/Kurybiniai_cekiai.jpg 684w\" sizes=\"(max-width: 300px) 100vw, 300px\" \/><\/p><p>Parama projekto \u012fgyvendinimui suteikta pagal 2014\u20132020 met\u0173 Europos S\u0105jungos fond\u0173 investicij\u0173 veiksm\u0173 programos 13 prioriteto \u201eVeiksm\u0173, skirt\u0173 COVID-19 pandemijos sukeltai krizei \u012fveikti, skatinimas ir pasirengimas aplink\u0105 tausojan\u010diam, skaitmeniniam ir tvariam ekonomikos atsigavimui\u201c Nr. 13.1.1-LVPA-K-860 \u201eE. komercijos modelis COVID-19\u201c. Projektas yra finansuojamas Europos regionin\u0117s pl\u0117tros fondo l\u0117\u0161omis. Finansuojama kaip Europos S\u0105jungos atsako \u012f COVID-19 pandemij\u0105 priemon\u0117.<\/p><p>UAB \u201eGintaro pasaulis\u201c yra viena i\u0161 did\u017eiausi\u0173 gintaro juvelyrikos kompanij\u0173 Europoje. \u012emon\u0117 \u012fsteigta 2001m. ir turi registruot\u0105 gintaro juvelyrikos prekin\u012f \u017eenkl\u0105 \u201eAmber World\u201c. I\u0161skirtin\u0117 UAB \u201eGintaro pasaulis\u201c veiklos kryptis \u2013 gintaro inkliuzai. \u012emon\u0117 bendradarbiauja su Lietuvos ir u\u017esienio \u0161ali\u0173 mokslininkais, yra tarptautin\u0117s Gintaro asociacijos, kuruojamos<br>Vokietijos Hamburgo Geologijos ir Paleontologijos Instituto mokslinink\u0173, nariai. \u012emon\u0117 siekia gaminti ir tiekti auk\u0161\u010diausios kokyb\u0117s gintaro ir juvelyrikos gaminius. \u0160iuo metu \u012fmon\u0117 naudoja el. parduotuv\u0119, bet ji yra pasenusi, neefektyvi ir neatitinka \u012fmon\u0117s poreiki\u0173 bei \u0161iuolaikini\u0173 reikalavim\u0173.<\/p><p>\u012emon\u0117, siekdama padidinti konkurencingum\u0105, pritraukti daugiau klient\u0173 ir efektyviau juos aptarnauti, nusprend\u0117 sukurti nauj\u0105 inovatyvi\u0105 el. prekybos platform\u0105 ir pardavin\u0117ti savo produktus naudojantis \u0161iuolaiki\u0161kais elektronin\u0117s komercijos sprendimais.<\/p><p>\u0160is projektas inovatyvus tuo, kad bus kuriama elektronin\u0117s prekybos platforma, panaudojant pa\u017eangiausias informacines technologijas, suteikian\u010dias naujas galimybes inovatyviam produkt\u0173 pardavimui.<\/p><p>\u012egyvendintas projektas leis \u012fmonei efektyviau pardavin\u0117ti savo produktus, u\u017etikrins greitesn\u012f ir kokybi\u0161kesn\u012f klient\u0173 aptarnavim\u0105, sutrump\u0117j\u0119s produkt\u0173 pardavimo laikas leis aptarnauti daugiau klient\u0173, tai u\u017etikrins \u012fmon\u0117s pajam\u0173 augim\u0105.<br>Projekto \u012fgyvendinimo laikotarpis nuo 2022 m. vasario m\u0117n. iki 2023 m. vasario m\u0117n.<\/p>","protected":false},"excerpt":{"rendered":"<p>UAB \u201eGintaro pasaulis\u201c \u012fgyvendina ES strukt\u016brin\u0117mis l\u0117\u0161omis finansuojam\u0105 projekt\u0105 Nr. 13.1.1-LVPA-K-860-01-0769 \u201eE. komercijos modelio diegimas UAB \u201eGintaro pasaulis\u201c. Bendra projekto vert\u0117 \u2013&nbsp;59&nbsp;930,00 Eur, i\u0161 kuri\u0173&nbsp;44&nbsp;947,50 Eur&nbsp;sudaro Europos regionin\u0117s pl\u0117tros fondo l\u0117\u0161os. Parama projekto \u012fgyvendinimui suteikta pagal 2014\u20132020 met\u0173 Europos S\u0105jungos fond\u0173 investicij\u0173 veiksm\u0173 programos 13 prioriteto \u201eVeiksm\u0173, skirt\u0173 COVID-19 pandemijos sukeltai krizei \u012fveikti, skatinimas ir [&hellip;]<\/p>\n","protected":false},"author":3,"featured_media":0,"parent":0,"menu_order":0,"comment_status":"closed","ping_status":"closed","template":"","meta":{"_acf_changed":false,"site-sidebar-layout":"default","site-content-layout":"","ast-site-content-layout":"","site-content-style":"default","site-sidebar-style":"default","ast-global-header-display":"","ast-banner-title-visibility":"","ast-main-header-display":"","ast-hfb-above-header-display":"","ast-hfb-below-header-display":"","ast-hfb-mobile-header-display":"","site-post-title":"","ast-breadcrumbs-content":"","ast-featured-img":"","footer-sml-layout":"","theme-transparent-header-meta":"","adv-header-id-meta":"","stick-header-meta":"","header-above-stick-meta":"","header-main-stick-meta":"","header-below-stick-meta":"","astra-migrate-meta-layouts":"default","ast-page-background-enabled":"default","ast-page-background-meta":{"desktop":{"background-color":"var(--ast-global-color-4)","background-image":"","background-repeat":"repeat","background-position":"center center","background-size":"auto","background-attachment":"scroll","background-type":"","background-media":"","overlay-type":"","overlay-color":"","overlay-opacity":"","overlay-gradient":""},"tablet":{"background-color":"","background-image":"","background-repeat":"repeat","background-position":"center center","background-size":"auto","background-attachment":"scroll","background-type":"","background-media":"","overlay-type":"","overlay-color":"","overlay-opacity":"","overlay-gradient":""},"mobile":{"background-color":"","background-image":"","background-repeat":"repeat","background-position":"center center","background-size":"auto","background-attachment":"scroll","background-type":"","background-media":"","overlay-type":"","overlay-color":"","overlay-opacity":"","overlay-gradient":""}},"ast-content-background-meta":{"desktop":{"background-color":"var(--ast-global-color-5)","background-image":"","background-repeat":"repeat","background-position":"center center","background-size":"auto","background-attachment":"scroll","background-type":"","background-media":"","overlay-type":"","overlay-color":"","overlay-opacity":"","overlay-gradient":""},"tablet":{"background-color":"var(--ast-global-color-5)","background-image":"","background-repeat":"repeat","background-position":"center center","background-size":"auto","background-attachment":"scroll","background-type":"","background-media":"","overlay-type":"","overlay-color":"","overlay-opacity":"","overlay-gradient":""},"mobile":{"background-color":"var(--ast-global-color-5)","background-image":"","background-repeat":"repeat","background-position":"center center","background-size":"auto","background-attachment":"scroll","background-type":"","background-media":"","overlay-type":"","overlay-color":"","overlay-opacity":"","overlay-gradient":""}},"footnotes":""},"class_list":["post-1073","page","type-page","status-publish","hentry"],"acf":[],"aioseo_notices":[],"_links":{"self":[{"href":"https:\/\/amberworldlt.com\/lt\/wp-json\/wp\/v2\/pages\/1073","targetHints":{"allow":["GET"]}}],"collection":[{"href":"https:\/\/amberworldlt.com\/lt\/wp-json\/wp\/v2\/pages"}],"about":[{"href":"https:\/\/amberworldlt.com\/lt\/wp-json\/wp\/v2\/types\/page"}],"author":[{"embeddable":true,"href":"https:\/\/amberworldlt.com\/lt\/wp-json\/wp\/v2\/users\/3"}],"replies":[{"embeddable":true,"href":"https:\/\/amberworldlt.com\/lt\/wp-json\/wp\/v2\/comments?post=1073"}],"version-history":[{"count":2,"href":"https:\/\/amberworldlt.com\/lt\/wp-json\/wp\/v2\/pages\/1073\/revisions"}],"predecessor-version":[{"id":1127,"href":"https:\/\/amberworldlt.com\/lt\/wp-json\/wp\/v2\/pages\/1073\/revisions\/1127"}],"wp:attachment":[{"href":"https:\/\/amberworldlt.com\/lt\/wp-json\/wp\/v2\/media?parent=1073"}],"curies":[{"name":"wp","href":"https:\/\/api.w.org\/{rel}","templated":true}]}}