{"id":1812,"date":"2024-01-16T07:33:19","date_gmt":"2024-01-16T07:33:19","guid":{"rendered":"https:\/\/amberworldlt.com\/?post_type=product&#038;p=1812"},"modified":"2024-11-08T19:40:58","modified_gmt":"2024-11-08T19:40:58","slug":"gintaro-gabaliukas-su-inkliuzu-dezuteje-5","status":"publish","type":"product","link":"https:\/\/amberworldlt.com\/lt\/produktas\/gintaro-gabaliukas-su-inkliuzu-dezuteje-5\/","title":{"rendered":"GINTARO GABALIUKAS SU INKLIUZU D\u0116\u017dUT\u0116JE"},"content":{"rendered":"<p>Nat\u016bralaus Baltijos gintaro gabaliukas su inkliuzu specialioje plastikin\u0117je d\u0117\u017eut\u0117je su padidinamuoju stiklu. Inkliuzas yra i\u0161tirtas Vilniaus Universiteto profesoriaus, turi sertifikat\u0105 su lotyni\u0161ku inkliuzo pavadinimu ir am\u017eiaus nuoroda bei nuotrauk\u0105.<br \/>\nD\u0117\u017eut\u0117s dydis: 2,5*2,5*2,8 cm<\/p>\n","protected":false},"excerpt":{"rendered":"<p>Nat\u016bralaus Baltijos gintaro gabaliukas su inkliuzu specialioje plastikin\u0117je d\u0117\u017eut\u0117je su padidinamuoju stiklu. Inkliuzas yra i\u0161tirtas Vilniaus Universiteto profesoriaus, turi sertifikat\u0105 su lotyni\u0161ku inkliuzo pavadinimu ir am\u017eiaus nuoroda bei nuotrauk\u0105. D\u0117\u017eut\u0117s dydis: 2,5*2,5*2,8 cm<\/p>\n","protected":false},"featured_media":1815,"template":"","meta":{"_acf_changed":false,"site-sidebar-layout":"default","site-content-layout":"default","ast-site-content-layout":"","site-content-style":"default","site-sidebar-style":"default","ast-global-header-display":"","ast-banner-title-visibility":"","ast-main-header-display":"","ast-hfb-above-header-display":"","ast-hfb-below-header-display":"","ast-hfb-mobile-header-display":"","site-post-title":"","ast-breadcrumbs-content":"","ast-featured-img":"","footer-sml-layout":"","theme-transparent-header-meta":"default","adv-header-id-meta":"","stick-header-meta":"","header-above-stick-meta":"","header-main-stick-meta":"","header-below-stick-meta":"","astra-migrate-meta-layouts":"default","ast-page-background-enabled":"default","ast-page-background-meta":{"desktop":{"background-color":"var(--ast-global-color-4)","background-image":"","background-repeat":"repeat","background-position":"center center","background-size":"auto","background-attachment":"scroll","background-type":"","background-media":"","overlay-type":"","overlay-color":"","overlay-opacity":"","overlay-gradient":""},"tablet":{"background-color":"","background-image":"","background-repeat":"repeat","background-position":"center center","background-size":"auto","background-attachment":"scroll","background-type":"","background-media":"","overlay-type":"","overlay-color":"","overlay-opacity":"","overlay-gradient":""},"mobile":{"background-color":"","background-image":"","background-repeat":"repeat","background-position":"center center","background-size":"auto","background-attachment":"scroll","background-type":"","background-media":"","overlay-type":"","overlay-color":"","overlay-opacity":"","overlay-gradient":""}},"ast-content-background-meta":{"desktop":{"background-color":"var(--ast-global-color-5)","background-image":"","background-repeat":"repeat","background-position":"center center","background-size":"auto","background-attachment":"scroll","background-type":"","background-media":"","overlay-type":"","overlay-color":"","overlay-opacity":"","overlay-gradient":""},"tablet":{"background-color":"var(--ast-global-color-5)","background-image":"","background-repeat":"repeat","background-position":"center center","background-size":"auto","background-attachment":"scroll","background-type":"","background-media":"","overlay-type":"","overlay-color":"","overlay-opacity":"","overlay-gradient":""},"mobile":{"background-color":"var(--ast-global-color-5)","background-image":"","background-repeat":"repeat","background-position":"center center","background-size":"auto","background-attachment":"scroll","background-type":"","background-media":"","overlay-type":"","overlay-color":"","overlay-opacity":"","overlay-gradient":""}}},"product_brand":[],"product_cat":[64,191,201],"product_tag":[],"class_list":{"0":"post-1812","1":"product","2":"type-product","3":"status-publish","4":"has-post-thumbnail","6":"product_cat-inkliuzai","7":"product_cat-uodas","8":"product_cat-inkliuzai-su-stoveliu","9":"desktop-align-left","10":"tablet-align-left","11":"mobile-align-left","13":"first","14":"outofstock","15":"taxable","16":"shipping-taxable","17":"purchasable","18":"product-type-variable","19":"has-default-attributes"},"acf":[],"aioseo_notices":[],"_links":{"self":[{"href":"https:\/\/amberworldlt.com\/lt\/wp-json\/wp\/v2\/product\/1812","targetHints":{"allow":["GET"]}}],"collection":[{"href":"https:\/\/amberworldlt.com\/lt\/wp-json\/wp\/v2\/product"}],"about":[{"href":"https:\/\/amberworldlt.com\/lt\/wp-json\/wp\/v2\/types\/product"}],"wp:featuredmedia":[{"embeddable":true,"href":"https:\/\/amberworldlt.com\/lt\/wp-json\/wp\/v2\/media\/1815"}],"wp:attachment":[{"href":"https:\/\/amberworldlt.com\/lt\/wp-json\/wp\/v2\/media?parent=1812"}],"wp:term":[{"taxonomy":"product_brand","embeddable":true,"href":"https:\/\/amberworldlt.com\/lt\/wp-json\/wp\/v2\/product_brand?post=1812"},{"taxonomy":"product_cat","embeddable":true,"href":"https:\/\/amberworldlt.com\/lt\/wp-json\/wp\/v2\/product_cat?post=1812"},{"taxonomy":"product_tag","embeddable":true,"href":"https:\/\/amberworldlt.com\/lt\/wp-json\/wp\/v2\/product_tag?post=1812"}],"curies":[{"name":"wp","href":"https:\/\/api.w.org\/{rel}","templated":true}]}}