{"id":2322,"date":"2024-02-23T06:40:33","date_gmt":"2024-02-23T06:40:33","guid":{"rendered":"https:\/\/amberworldlt.com\/?post_type=product&#038;p=2322"},"modified":"2025-07-30T11:29:48","modified_gmt":"2025-07-30T11:29:48","slug":"naturalaus-gintaro-zalsvo-atspalvio-karoliai","status":"publish","type":"product","link":"https:\/\/amberworldlt.com\/lt\/produktas\/naturalaus-gintaro-zalsvo-atspalvio-karoliai\/","title":{"rendered":"NAT\u016aRALAUS GINTARO \u017dALSVO ATSPALVIO KAROLIAI"},"content":{"rendered":"<p>Nat\u016bralaus gintaro \u017ealsvo atspalvio karoliai su intarpais tarpuose.<\/p>\n<p>Atkreipiame d\u0117mes\u012f, kad J\u016bs\u0173 u\u017esakytas gintaro dirbinys gali minimaliai skirtis nuo esan\u010dio nuotraukoje (pvz. atspalviu, tekst\u016bra), nes kiekvienas gintaro gabaliukas yra unikalus ir i\u0161skirtinis.<\/p>\n","protected":false},"excerpt":{"rendered":"<p>Nat\u016bralaus gintaro \u017ealsvo atspalvio karoliai su intarpais tarpuose. Atkreipiame d\u0117mes\u012f, kad J\u016bs\u0173 u\u017esakytas gintaro dirbinys gali minimaliai skirtis nuo esan\u010dio nuotraukoje (pvz. atspalviu, tekst\u016bra), nes kiekvienas gintaro gabaliukas yra unikalus ir i\u0161skirtinis.<\/p>\n","protected":false},"featured_media":2323,"template":"","meta":{"_acf_changed":false,"site-sidebar-layout":"default","site-content-layout":"default","ast-site-content-layout":"","site-content-style":"default","site-sidebar-style":"default","ast-global-header-display":"","ast-banner-title-visibility":"","ast-main-header-display":"","ast-hfb-above-header-display":"","ast-hfb-below-header-display":"","ast-hfb-mobile-header-display":"","site-post-title":"","ast-breadcrumbs-content":"","ast-featured-img":"","footer-sml-layout":"","theme-transparent-header-meta":"default","adv-header-id-meta":"","stick-header-meta":"","header-above-stick-meta":"","header-main-stick-meta":"","header-below-stick-meta":"","astra-migrate-meta-layouts":"default","ast-page-background-enabled":"default","ast-page-background-meta":{"desktop":{"background-color":"var(--ast-global-color-4)","background-image":"","background-repeat":"repeat","background-position":"center center","background-size":"auto","background-attachment":"scroll","background-type":"","background-media":"","overlay-type":"","overlay-color":"","overlay-opacity":"","overlay-gradient":""},"tablet":{"background-color":"","background-image":"","background-repeat":"repeat","background-position":"center center","background-size":"auto","background-attachment":"scroll","background-type":"","background-media":"","overlay-type":"","overlay-color":"","overlay-opacity":"","overlay-gradient":""},"mobile":{"background-color":"","background-image":"","background-repeat":"repeat","background-position":"center center","background-size":"auto","background-attachment":"scroll","background-type":"","background-media":"","overlay-type":"","overlay-color":"","overlay-opacity":"","overlay-gradient":""}},"ast-content-background-meta":{"desktop":{"background-color":"var(--ast-global-color-5)","background-image":"","background-repeat":"repeat","background-position":"center center","background-size":"auto","background-attachment":"scroll","background-type":"","background-media":"","overlay-type":"","overlay-color":"","overlay-opacity":"","overlay-gradient":""},"tablet":{"background-color":"var(--ast-global-color-5)","background-image":"","background-repeat":"repeat","background-position":"center center","background-size":"auto","background-attachment":"scroll","background-type":"","background-media":"","overlay-type":"","overlay-color":"","overlay-opacity":"","overlay-gradient":""},"mobile":{"background-color":"var(--ast-global-color-5)","background-image":"","background-repeat":"repeat","background-position":"center center","background-size":"auto","background-attachment":"scroll","background-type":"","background-media":"","overlay-type":"","overlay-color":"","overlay-opacity":"","overlay-gradient":""}}},"product_brand":[],"product_cat":[59,67],"product_tag":[],"class_list":{"0":"post-2322","1":"product","2":"type-product","3":"status-publish","4":"has-post-thumbnail","6":"product_cat-juvelyrika","7":"product_cat-karoliai","8":"desktop-align-left","9":"tablet-align-left","10":"mobile-align-left","12":"first","13":"outofstock","14":"featured","15":"taxable","16":"shipping-taxable","17":"purchasable","18":"product-type-simple"},"acf":[],"aioseo_notices":[],"_links":{"self":[{"href":"https:\/\/amberworldlt.com\/lt\/wp-json\/wp\/v2\/product\/2322","targetHints":{"allow":["GET"]}}],"collection":[{"href":"https:\/\/amberworldlt.com\/lt\/wp-json\/wp\/v2\/product"}],"about":[{"href":"https:\/\/amberworldlt.com\/lt\/wp-json\/wp\/v2\/types\/product"}],"wp:featuredmedia":[{"embeddable":true,"href":"https:\/\/amberworldlt.com\/lt\/wp-json\/wp\/v2\/media\/2323"}],"wp:attachment":[{"href":"https:\/\/amberworldlt.com\/lt\/wp-json\/wp\/v2\/media?parent=2322"}],"wp:term":[{"taxonomy":"product_brand","embeddable":true,"href":"https:\/\/amberworldlt.com\/lt\/wp-json\/wp\/v2\/product_brand?post=2322"},{"taxonomy":"product_cat","embeddable":true,"href":"https:\/\/amberworldlt.com\/lt\/wp-json\/wp\/v2\/product_cat?post=2322"},{"taxonomy":"product_tag","embeddable":true,"href":"https:\/\/amberworldlt.com\/lt\/wp-json\/wp\/v2\/product_tag?post=2322"}],"curies":[{"name":"wp","href":"https:\/\/api.w.org\/{rel}","templated":true}]}}