{"id":2989,"date":"2024-04-04T12:23:50","date_gmt":"2024-04-04T12:23:50","guid":{"rendered":"https:\/\/amberworldlt.com\/?post_type=product&#038;p=2989"},"modified":"2026-03-27T13:15:45","modified_gmt":"2026-03-27T13:15:45","slug":"gintaro-dulkes","status":"publish","type":"product","link":"https:\/\/amberworldlt.com\/lt\/produktas\/gintaro-dulkes\/","title":{"rendered":"GINTARO DULK\u0116S"},"content":{"rendered":"<p>Nuo seno tikima, kad dulk\u0117s pildo svajones, o gintaras turi stebukling\u0173 gali\u0173, tad paverskite savo \u0161vent\u0117s kulminacij\u0105 gintarine liepsna!<\/p>\n<p>Gintaro dulkes metant \u012f ugn\u012f, sugalvojami slap\u010diausi tro\u0161kimai, norai arba sakomi palink\u0117jimai. Gintaro dulk\u0117s ore stipriai, gra\u017eiai suliepsnoja, sukurdamos magi\u0161k\u0105 regin\u012f, kuris taps gra\u017eiu, jaukiu vakaro akcentu. Toks ritualas puikiai tiks J\u016bs\u0173 vestuv\u0117ms, i\u0161mu\u0161us dvylikai, gimtadieniui, Naujiems metams ar bet kokiai kitai \u0161ventei.<\/p>\n<p>* Apsisprendus \u0161vent\u0117s metu naudoti gintaro dulkes, rekomenduojame tinkamai apgalvoti ritualo viet\u0105. Vieta tur\u0117t\u0173 b\u016bti atvira erdv\u0117. Labai svarbu atkreipti d\u0117mes\u012f i\u0161 kurios pus\u0117s pu\u010dia v\u0117jas. Gintaro dulkes \u012f ugn\u012f reikia mesti pav\u0117jui, nes metant dulkes \u012f ugn\u012f, susidaro liepsnos pli\u016bpsnis. Kokio dyd\u017eio bus ugnies pli\u016bpsnis priklauso nuo \u012fmesto gintaro dulki\u0173 kiekio.<\/p>\n","protected":false},"excerpt":{"rendered":"<p>Nuo seno tikima, kad dulk\u0117s pildo svajones, o gintaras turi stebukling\u0173 gali\u0173, tad paverskite savo \u0161vent\u0117s kulminacij\u0105 gintarine liepsna! Gintaro dulkes metant \u012f ugn\u012f, sugalvojami slap\u010diausi tro\u0161kimai, norai arba sakomi palink\u0117jimai. Gintaro dulk\u0117s ore stipriai, gra\u017eiai suliepsnoja, sukurdamos magi\u0161k\u0105 regin\u012f, kuris taps gra\u017eiu, jaukiu vakaro akcentu. Toks ritualas puikiai tiks J\u016bs\u0173 vestuv\u0117ms, i\u0161mu\u0161us dvylikai, gimtadieniui, [&hellip;]<\/p>\n","protected":false},"featured_media":2991,"template":"","meta":{"_acf_changed":false,"site-sidebar-layout":"default","site-content-layout":"default","ast-site-content-layout":"default","site-content-style":"default","site-sidebar-style":"default","ast-global-header-display":"","ast-banner-title-visibility":"","ast-main-header-display":"","ast-hfb-above-header-display":"","ast-hfb-below-header-display":"","ast-hfb-mobile-header-display":"","site-post-title":"","ast-breadcrumbs-content":"","ast-featured-img":"","footer-sml-layout":"","theme-transparent-header-meta":"default","adv-header-id-meta":"","stick-header-meta":"","header-above-stick-meta":"","header-main-stick-meta":"","header-below-stick-meta":"","astra-migrate-meta-layouts":"set","ast-page-background-enabled":"default","ast-page-background-meta":{"desktop":{"background-color":"var(--ast-global-color-4)","background-image":"","background-repeat":"repeat","background-position":"center center","background-size":"auto","background-attachment":"scroll","background-type":"","background-media":"","overlay-type":"","overlay-color":"","overlay-opacity":"","overlay-gradient":""},"tablet":{"background-color":"","background-image":"","background-repeat":"repeat","background-position":"center center","background-size":"auto","background-attachment":"scroll","background-type":"","background-media":"","overlay-type":"","overlay-color":"","overlay-opacity":"","overlay-gradient":""},"mobile":{"background-color":"","background-image":"","background-repeat":"repeat","background-position":"center center","background-size":"auto","background-attachment":"scroll","background-type":"","background-media":"","overlay-type":"","overlay-color":"","overlay-opacity":"","overlay-gradient":""}},"ast-content-background-meta":{"desktop":{"background-color":"var(--ast-global-color-5)","background-image":"","background-repeat":"repeat","background-position":"center center","background-size":"auto","background-attachment":"scroll","background-type":"","background-media":"","overlay-type":"","overlay-color":"","overlay-opacity":"","overlay-gradient":""},"tablet":{"background-color":"var(--ast-global-color-5)","background-image":"","background-repeat":"repeat","background-position":"center center","background-size":"auto","background-attachment":"scroll","background-type":"","background-media":"","overlay-type":"","overlay-color":"","overlay-opacity":"","overlay-gradient":""},"mobile":{"background-color":"var(--ast-global-color-5)","background-image":"","background-repeat":"repeat","background-position":"center center","background-size":"auto","background-attachment":"scroll","background-type":"","background-media":"","overlay-type":"","overlay-color":"","overlay-opacity":"","overlay-gradient":""}}},"product_brand":[],"product_cat":[63,252],"product_tag":[],"class_list":{"0":"post-2989","1":"product","2":"type-product","3":"status-publish","4":"has-post-thumbnail","6":"product_cat-suvenyrai","7":"product_cat-ivairus-suvenyrai","8":"desktop-align-left","9":"tablet-align-left","10":"mobile-align-left","12":"first","13":"instock","14":"featured","15":"taxable","16":"shipping-taxable","17":"purchasable","18":"product-type-simple"},"acf":[],"aioseo_notices":[],"_links":{"self":[{"href":"https:\/\/amberworldlt.com\/lt\/wp-json\/wp\/v2\/product\/2989","targetHints":{"allow":["GET"]}}],"collection":[{"href":"https:\/\/amberworldlt.com\/lt\/wp-json\/wp\/v2\/product"}],"about":[{"href":"https:\/\/amberworldlt.com\/lt\/wp-json\/wp\/v2\/types\/product"}],"wp:featuredmedia":[{"embeddable":true,"href":"https:\/\/amberworldlt.com\/lt\/wp-json\/wp\/v2\/media\/2991"}],"wp:attachment":[{"href":"https:\/\/amberworldlt.com\/lt\/wp-json\/wp\/v2\/media?parent=2989"}],"wp:term":[{"taxonomy":"product_brand","embeddable":true,"href":"https:\/\/amberworldlt.com\/lt\/wp-json\/wp\/v2\/product_brand?post=2989"},{"taxonomy":"product_cat","embeddable":true,"href":"https:\/\/amberworldlt.com\/lt\/wp-json\/wp\/v2\/product_cat?post=2989"},{"taxonomy":"product_tag","embeddable":true,"href":"https:\/\/amberworldlt.com\/lt\/wp-json\/wp\/v2\/product_tag?post=2989"}],"curies":[{"name":"wp","href":"https:\/\/api.w.org\/{rel}","templated":true}]}}