{"id":3132,"date":"2024-04-08T06:11:33","date_gmt":"2024-04-08T06:11:33","guid":{"rendered":"https:\/\/amberworldlt.com\/?post_type=product&#038;p=3132"},"modified":"2025-04-08T22:48:38","modified_gmt":"2025-04-08T22:48:38","slug":"rasiklis-uzpildytas-gintaro-gabaliukais-su-dezute-2","status":"publish","type":"product","link":"https:\/\/amberworldlt.com\/lt\/produktas\/rasiklis-uzpildytas-gintaro-gabaliukais-su-dezute-2\/","title":{"rendered":"RA\u0160IKLIS U\u017dPILDYTAS GINTARO GABALIUKAIS SU D\u0116\u017dUTE"},"content":{"rendered":"<p>Ra\u0161iklis, u\u017epildytas nat\u016bralaus gintaro smulkiais gabaliukais su d\u0117\u017eute. Eleganti\u0161ka, solidi dovana.<\/p>\n<p>Jei pageidaujate kitos spalvos, u\u017esakant pamin\u0117kite komentaruose.<\/p>\n<p>Yra galimyb\u0117 balt\u0105 ir sidabrin\u012f ra\u0161iklius i\u0161graviruoti J\u016bs\u0173 pasirinktu u\u017era\u0161u. Taip pat ra\u0161ikl\u012f galima u\u017epildyti ir kita J\u016bs\u0173 pateikta med\u017eiaga. D\u0117l personalizavimo kreipkit\u0117s asmeni\u0161kai.<\/p>\n<p>Atkreipiame d\u0117mes\u012f, kad J\u016bs\u0173 u\u017esakytas gintaro dirbinys gali minimaliai skirtis nuo esan\u010dio nuotraukoje (pvz. atspalviu, tekst\u016bra), nes kiekvienas gintaro gabaliukas yra unikalus ir i\u0161skirtinis.<\/p>\n","protected":false},"excerpt":{"rendered":"<p>Ra\u0161iklis, u\u017epildytas nat\u016bralaus gintaro smulkiais gabaliukais su d\u0117\u017eute. Eleganti\u0161ka, solidi dovana. Jei pageidaujate kitos spalvos, u\u017esakant pamin\u0117kite komentaruose. Yra galimyb\u0117 balt\u0105 ir sidabrin\u012f ra\u0161iklius i\u0161graviruoti J\u016bs\u0173 pasirinktu u\u017era\u0161u. Taip pat ra\u0161ikl\u012f galima u\u017epildyti ir kita J\u016bs\u0173 pateikta med\u017eiaga. D\u0117l personalizavimo kreipkit\u0117s asmeni\u0161kai. Atkreipiame d\u0117mes\u012f, kad J\u016bs\u0173 u\u017esakytas gintaro dirbinys gali minimaliai skirtis nuo esan\u010dio nuotraukoje [&hellip;]<\/p>\n","protected":false},"featured_media":3136,"template":"","meta":{"_acf_changed":false,"site-sidebar-layout":"default","site-content-layout":"default","ast-site-content-layout":"default","site-content-style":"default","site-sidebar-style":"default","ast-global-header-display":"","ast-banner-title-visibility":"","ast-main-header-display":"","ast-hfb-above-header-display":"","ast-hfb-below-header-display":"","ast-hfb-mobile-header-display":"","site-post-title":"","ast-breadcrumbs-content":"","ast-featured-img":"","footer-sml-layout":"","theme-transparent-header-meta":"default","adv-header-id-meta":"","stick-header-meta":"","header-above-stick-meta":"","header-main-stick-meta":"","header-below-stick-meta":"","astra-migrate-meta-layouts":"set","ast-page-background-enabled":"default","ast-page-background-meta":{"desktop":{"background-color":"var(--ast-global-color-4)","background-image":"","background-repeat":"repeat","background-position":"center center","background-size":"auto","background-attachment":"scroll","background-type":"","background-media":"","overlay-type":"","overlay-color":"","overlay-opacity":"","overlay-gradient":""},"tablet":{"background-color":"","background-image":"","background-repeat":"repeat","background-position":"center center","background-size":"auto","background-attachment":"scroll","background-type":"","background-media":"","overlay-type":"","overlay-color":"","overlay-opacity":"","overlay-gradient":""},"mobile":{"background-color":"","background-image":"","background-repeat":"repeat","background-position":"center center","background-size":"auto","background-attachment":"scroll","background-type":"","background-media":"","overlay-type":"","overlay-color":"","overlay-opacity":"","overlay-gradient":""}},"ast-content-background-meta":{"desktop":{"background-color":"var(--ast-global-color-5)","background-image":"","background-repeat":"repeat","background-position":"center center","background-size":"auto","background-attachment":"scroll","background-type":"","background-media":"","overlay-type":"","overlay-color":"","overlay-opacity":"","overlay-gradient":""},"tablet":{"background-color":"var(--ast-global-color-5)","background-image":"","background-repeat":"repeat","background-position":"center center","background-size":"auto","background-attachment":"scroll","background-type":"","background-media":"","overlay-type":"","overlay-color":"","overlay-opacity":"","overlay-gradient":""},"mobile":{"background-color":"var(--ast-global-color-5)","background-image":"","background-repeat":"repeat","background-position":"center center","background-size":"auto","background-attachment":"scroll","background-type":"","background-media":"","overlay-type":"","overlay-color":"","overlay-opacity":"","overlay-gradient":""}}},"product_brand":[],"product_cat":[63,196,252],"product_tag":[],"class_list":{"0":"post-3132","1":"product","2":"type-product","3":"status-publish","4":"has-post-thumbnail","6":"product_cat-suvenyrai","7":"product_cat-verslo-dovanos","8":"product_cat-ivairus-suvenyrai","9":"desktop-align-left","10":"tablet-align-left","11":"mobile-align-left","13":"first","14":"outofstock","15":"featured","16":"taxable","17":"shipping-taxable","18":"purchasable","19":"product-type-simple"},"acf":[],"aioseo_notices":[],"_links":{"self":[{"href":"https:\/\/amberworldlt.com\/lt\/wp-json\/wp\/v2\/product\/3132","targetHints":{"allow":["GET"]}}],"collection":[{"href":"https:\/\/amberworldlt.com\/lt\/wp-json\/wp\/v2\/product"}],"about":[{"href":"https:\/\/amberworldlt.com\/lt\/wp-json\/wp\/v2\/types\/product"}],"wp:featuredmedia":[{"embeddable":true,"href":"https:\/\/amberworldlt.com\/lt\/wp-json\/wp\/v2\/media\/3136"}],"wp:attachment":[{"href":"https:\/\/amberworldlt.com\/lt\/wp-json\/wp\/v2\/media?parent=3132"}],"wp:term":[{"taxonomy":"product_brand","embeddable":true,"href":"https:\/\/amberworldlt.com\/lt\/wp-json\/wp\/v2\/product_brand?post=3132"},{"taxonomy":"product_cat","embeddable":true,"href":"https:\/\/amberworldlt.com\/lt\/wp-json\/wp\/v2\/product_cat?post=3132"},{"taxonomy":"product_tag","embeddable":true,"href":"https:\/\/amberworldlt.com\/lt\/wp-json\/wp\/v2\/product_tag?post=3132"}],"curies":[{"name":"wp","href":"https:\/\/api.w.org\/{rel}","templated":true}]}}