{"id":4038,"date":"2024-05-28T07:47:01","date_gmt":"2024-05-28T07:47:01","guid":{"rendered":"https:\/\/amberworldlt.com\/?post_type=product&#038;p=4038"},"modified":"2026-03-30T07:14:27","modified_gmt":"2026-03-30T07:14:27","slug":"naturalaus-gintaro-auskarai-su-sidabru-40","status":"publish","type":"product","link":"https:\/\/amberworldlt.com\/lt\/produktas\/naturalaus-gintaro-auskarai-su-sidabru-40\/","title":{"rendered":"NAT\u016aRALAUS GINTARO AUSKARAI SU SIDABRU"},"content":{"rendered":"<p>Minimalistinio stiliaus nat\u016bralaus gintaro auskarai su sidabru Ag925. Auskarai puikiai papildys J\u016bs\u0173 tiek kasdienin\u012f, tiek progin\u012f \u012fvaizd\u012f.<\/p>\n<p>Atkreipiame d\u0117mes\u012f, kad J\u016bs\u0173 u\u017esakytas gintaro dirbinys gali minimaliai skirtis nuo esan\u010dio nuotraukoje (pvz. atspalviu, tekst\u016bra), nes kiekvienas gintaro gabaliukas yra unikalus ir i\u0161skirtinis.<\/p>\n","protected":false},"excerpt":{"rendered":"<p>Minimalistinio stiliaus nat\u016bralaus gintaro auskarai su sidabru Ag925. Auskarai puikiai papildys J\u016bs\u0173 tiek kasdienin\u012f, tiek progin\u012f \u012fvaizd\u012f. Atkreipiame d\u0117mes\u012f, kad J\u016bs\u0173 u\u017esakytas gintaro dirbinys gali minimaliai skirtis nuo esan\u010dio nuotraukoje (pvz. atspalviu, tekst\u016bra), nes kiekvienas gintaro gabaliukas yra unikalus ir i\u0161skirtinis.<\/p>\n","protected":false},"featured_media":4032,"template":"","meta":{"_acf_changed":false,"site-sidebar-layout":"default","site-content-layout":"default","ast-site-content-layout":"default","site-content-style":"default","site-sidebar-style":"default","ast-global-header-display":"","ast-banner-title-visibility":"","ast-main-header-display":"","ast-hfb-above-header-display":"","ast-hfb-below-header-display":"","ast-hfb-mobile-header-display":"","site-post-title":"","ast-breadcrumbs-content":"","ast-featured-img":"","footer-sml-layout":"","theme-transparent-header-meta":"default","adv-header-id-meta":"","stick-header-meta":"","header-above-stick-meta":"","header-main-stick-meta":"","header-below-stick-meta":"","astra-migrate-meta-layouts":"set","ast-page-background-enabled":"default","ast-page-background-meta":{"desktop":{"background-color":"var(--ast-global-color-4)","background-image":"","background-repeat":"repeat","background-position":"center center","background-size":"auto","background-attachment":"scroll","background-type":"","background-media":"","overlay-type":"","overlay-color":"","overlay-opacity":"","overlay-gradient":""},"tablet":{"background-color":"","background-image":"","background-repeat":"repeat","background-position":"center center","background-size":"auto","background-attachment":"scroll","background-type":"","background-media":"","overlay-type":"","overlay-color":"","overlay-opacity":"","overlay-gradient":""},"mobile":{"background-color":"","background-image":"","background-repeat":"repeat","background-position":"center center","background-size":"auto","background-attachment":"scroll","background-type":"","background-media":"","overlay-type":"","overlay-color":"","overlay-opacity":"","overlay-gradient":""}},"ast-content-background-meta":{"desktop":{"background-color":"var(--ast-global-color-5)","background-image":"","background-repeat":"repeat","background-position":"center center","background-size":"auto","background-attachment":"scroll","background-type":"","background-media":"","overlay-type":"","overlay-color":"","overlay-opacity":"","overlay-gradient":""},"tablet":{"background-color":"var(--ast-global-color-5)","background-image":"","background-repeat":"repeat","background-position":"center center","background-size":"auto","background-attachment":"scroll","background-type":"","background-media":"","overlay-type":"","overlay-color":"","overlay-opacity":"","overlay-gradient":""},"mobile":{"background-color":"var(--ast-global-color-5)","background-image":"","background-repeat":"repeat","background-position":"center center","background-size":"auto","background-attachment":"scroll","background-type":"","background-media":"","overlay-type":"","overlay-color":"","overlay-opacity":"","overlay-gradient":""}}},"product_brand":[],"product_cat":[62,208,59,66],"product_tag":[],"class_list":{"0":"post-4038","1":"product","2":"type-product","3":"status-publish","4":"has-post-thumbnail","6":"product_cat-gintaras-su-sidabru-ir-auksu","7":"product_cat-auskarai-gintaras-su-sidabru-ir-auksu","8":"product_cat-juvelyrika","9":"product_cat-auskarai","10":"desktop-align-left","11":"tablet-align-left","12":"mobile-align-left","14":"first","15":"instock","16":"featured","17":"taxable","18":"shipping-taxable","19":"purchasable","20":"product-type-simple"},"acf":[],"aioseo_notices":[],"_links":{"self":[{"href":"https:\/\/amberworldlt.com\/lt\/wp-json\/wp\/v2\/product\/4038","targetHints":{"allow":["GET"]}}],"collection":[{"href":"https:\/\/amberworldlt.com\/lt\/wp-json\/wp\/v2\/product"}],"about":[{"href":"https:\/\/amberworldlt.com\/lt\/wp-json\/wp\/v2\/types\/product"}],"wp:featuredmedia":[{"embeddable":true,"href":"https:\/\/amberworldlt.com\/lt\/wp-json\/wp\/v2\/media\/4032"}],"wp:attachment":[{"href":"https:\/\/amberworldlt.com\/lt\/wp-json\/wp\/v2\/media?parent=4038"}],"wp:term":[{"taxonomy":"product_brand","embeddable":true,"href":"https:\/\/amberworldlt.com\/lt\/wp-json\/wp\/v2\/product_brand?post=4038"},{"taxonomy":"product_cat","embeddable":true,"href":"https:\/\/amberworldlt.com\/lt\/wp-json\/wp\/v2\/product_cat?post=4038"},{"taxonomy":"product_tag","embeddable":true,"href":"https:\/\/amberworldlt.com\/lt\/wp-json\/wp\/v2\/product_tag?post=4038"}],"curies":[{"name":"wp","href":"https:\/\/api.w.org\/{rel}","templated":true}]}}