{"id":5788,"date":"2026-02-09T09:19:32","date_gmt":"2026-02-09T09:19:32","guid":{"rendered":"https:\/\/amberworldlt.com\/?post_type=product&#038;p=5788"},"modified":"2026-02-09T09:22:09","modified_gmt":"2026-02-09T09:22:09","slug":"naturalaus-gintaro-karoliukas-apyrankei-su-sidabru","status":"publish","type":"product","link":"https:\/\/amberworldlt.com\/lt\/produktas\/naturalaus-gintaro-karoliukas-apyrankei-su-sidabru\/","title":{"rendered":"NAT\u016aRALAUS GINTARO KAROLIUKAS APYRANKEI SU SIDABRU"},"content":{"rendered":"<p>Nat\u016bralaus gintaro Pandora stiliaus karoliukas apyrankei su sidabru Ag 925.<\/p>\n<p>Rank\u0173 darbo karoliukas \u00a0sukurtas ne\u0161ioti ant apyrank\u0117s, ta\u010diau gali b\u016bti d\u0117vimas kaip pakabukas ant grandin\u0117l\u0117s ant kaklo. Priderinkite \u0161\u012f gintarin\u012f karoliuk\u0105 prie savo stiliaus ir atnaujinkite savo kasdienius papuo\u0161alus.<\/p>\n<p>Atkreipiame d\u0117mes\u012f, kad J\u016bs\u0173 u\u017esakytas gintaro dirbinys gali minimaliai skirtis nuo esan\u010dio nuotraukoje (pvz. atspalviu, tekst\u016bra), nes kiekvienas gintaro gabaliukas yra unikalus ir i\u0161skirtinis.<\/p>\n","protected":false},"excerpt":{"rendered":"<p>Nat\u016bralaus gintaro Pandora stiliaus karoliukas apyrankei su sidabru Ag 925. Rank\u0173 darbo karoliukas \u00a0sukurtas ne\u0161ioti ant apyrank\u0117s, ta\u010diau gali b\u016bti d\u0117vimas kaip pakabukas ant grandin\u0117l\u0117s ant kaklo. Priderinkite \u0161\u012f gintarin\u012f karoliuk\u0105 prie savo stiliaus ir atnaujinkite savo kasdienius papuo\u0161alus. Atkreipiame d\u0117mes\u012f, kad J\u016bs\u0173 u\u017esakytas gintaro dirbinys gali minimaliai skirtis nuo esan\u010dio nuotraukoje (pvz. atspalviu, tekst\u016bra), [&hellip;]<\/p>\n","protected":false},"featured_media":5792,"template":"","meta":{"_acf_changed":false,"site-sidebar-layout":"default","site-content-layout":"default","ast-site-content-layout":"default","site-content-style":"default","site-sidebar-style":"default","ast-global-header-display":"","ast-banner-title-visibility":"","ast-main-header-display":"","ast-hfb-above-header-display":"","ast-hfb-below-header-display":"","ast-hfb-mobile-header-display":"","site-post-title":"","ast-breadcrumbs-content":"","ast-featured-img":"","footer-sml-layout":"","theme-transparent-header-meta":"default","adv-header-id-meta":"","stick-header-meta":"","header-above-stick-meta":"","header-main-stick-meta":"","header-below-stick-meta":"","astra-migrate-meta-layouts":"set","ast-page-background-enabled":"default","ast-page-background-meta":{"desktop":{"background-color":"var(--ast-global-color-4)","background-image":"","background-repeat":"repeat","background-position":"center center","background-size":"auto","background-attachment":"scroll","background-type":"","background-media":"","overlay-type":"","overlay-color":"","overlay-opacity":"","overlay-gradient":""},"tablet":{"background-color":"","background-image":"","background-repeat":"repeat","background-position":"center center","background-size":"auto","background-attachment":"scroll","background-type":"","background-media":"","overlay-type":"","overlay-color":"","overlay-opacity":"","overlay-gradient":""},"mobile":{"background-color":"","background-image":"","background-repeat":"repeat","background-position":"center center","background-size":"auto","background-attachment":"scroll","background-type":"","background-media":"","overlay-type":"","overlay-color":"","overlay-opacity":"","overlay-gradient":""}},"ast-content-background-meta":{"desktop":{"background-color":"var(--ast-global-color-5)","background-image":"","background-repeat":"repeat","background-position":"center center","background-size":"auto","background-attachment":"scroll","background-type":"","background-media":"","overlay-type":"","overlay-color":"","overlay-opacity":"","overlay-gradient":""},"tablet":{"background-color":"var(--ast-global-color-5)","background-image":"","background-repeat":"repeat","background-position":"center center","background-size":"auto","background-attachment":"scroll","background-type":"","background-media":"","overlay-type":"","overlay-color":"","overlay-opacity":"","overlay-gradient":""},"mobile":{"background-color":"var(--ast-global-color-5)","background-image":"","background-repeat":"repeat","background-position":"center center","background-size":"auto","background-attachment":"scroll","background-type":"","background-media":"","overlay-type":"","overlay-color":"","overlay-opacity":"","overlay-gradient":""}}},"product_brand":[],"product_cat":[62,211],"product_tag":[],"class_list":{"0":"post-5788","1":"product","2":"type-product","3":"status-publish","4":"has-post-thumbnail","6":"product_cat-gintaras-su-sidabru-ir-auksu","7":"product_cat-karoliukai-apyrankems-gintaras-su-sidabru-ir-auksu","8":"desktop-align-left","9":"tablet-align-left","10":"mobile-align-left","12":"first","13":"instock","14":"featured","15":"taxable","16":"shipping-taxable","17":"purchasable","18":"product-type-simple"},"acf":[],"aioseo_notices":[],"_links":{"self":[{"href":"https:\/\/amberworldlt.com\/lt\/wp-json\/wp\/v2\/product\/5788","targetHints":{"allow":["GET"]}}],"collection":[{"href":"https:\/\/amberworldlt.com\/lt\/wp-json\/wp\/v2\/product"}],"about":[{"href":"https:\/\/amberworldlt.com\/lt\/wp-json\/wp\/v2\/types\/product"}],"wp:featuredmedia":[{"embeddable":true,"href":"https:\/\/amberworldlt.com\/lt\/wp-json\/wp\/v2\/media\/5792"}],"wp:attachment":[{"href":"https:\/\/amberworldlt.com\/lt\/wp-json\/wp\/v2\/media?parent=5788"}],"wp:term":[{"taxonomy":"product_brand","embeddable":true,"href":"https:\/\/amberworldlt.com\/lt\/wp-json\/wp\/v2\/product_brand?post=5788"},{"taxonomy":"product_cat","embeddable":true,"href":"https:\/\/amberworldlt.com\/lt\/wp-json\/wp\/v2\/product_cat?post=5788"},{"taxonomy":"product_tag","embeddable":true,"href":"https:\/\/amberworldlt.com\/lt\/wp-json\/wp\/v2\/product_tag?post=5788"}],"curies":[{"name":"wp","href":"https:\/\/api.w.org\/{rel}","templated":true}]}}